{"id":8,"date":"2025-12-06T13:14:11","date_gmt":"2025-12-06T12:14:11","guid":{"rendered":"http:\/\/vwwxdft.cluster121.hosting.ovh.net\/?page_id=8"},"modified":"2026-02-25T10:27:01","modified_gmt":"2026-02-25T09:27:01","slug":"maevie","status":"publish","type":"page","link":"https:\/\/www.maevie.fr\/","title":{"rendered":"Ma\u00ebvie"},"content":{"rendered":"\n<div class=\"wp-block-group alignfull is-style-default has-small-font-size has-global-padding is-layout-constrained wp-container-core-group-is-layout-e4fe3f6f wp-block-group-is-layout-constrained\" id=\"prestations\" style=\"border-style:none;border-width:0px;border-top-left-radius:100px;border-top-right-radius:100px;border-bottom-left-radius:100px;border-bottom-right-radius:100px;min-height:0vh;margin-top:0;margin-bottom:0;padding-top:var(--wp--preset--spacing--20);padding-right:var(--wp--preset--spacing--20);padding-bottom:var(--wp--preset--spacing--20);padding-left:var(--wp--preset--spacing--20)\">\n<h2 class=\"wp-block-heading has-text-align-center\"><mark style=\"background-color:#c69a8b;color:#FFFFFF\" class=\"has-inline-color\">Mes prestations<\/mark><\/h2>\n\n\n\n<div class=\"wp-block-group has-global-padding is-layout-constrained wp-container-core-group-is-layout-5a30f31b wp-block-group-is-layout-constrained\">\n<p class=\"has-text-align-center has-small-font-size\"><strong>Les s\u00e9ances se font en t\u00e9l\u00e9consultation, lors d&rsquo;appels visio.<\/strong><\/p>\n\n\n\n<div class=\"wp-block-media-text is-stacked-on-mobile\" style=\"grid-template-columns:30% auto\"><figure class=\"wp-block-media-text__media\"><img loading=\"lazy\" decoding=\"async\" width=\"2067\" height=\"2560\" src=\"http:\/\/vwwxdft.cluster121.hosting.ovh.net\/wp-content\/uploads\/2025\/12\/Portrait-Coach-therapeute-energeticienne-hollisitique-gestion-emotions-stress-anxiete-colere-peur-tristesse-deprime-retrouver-la-joie-la-paix-reiki-energetique-1-scaled.jpg\" alt=\"\" class=\"wp-image-25 size-full\" srcset=\"https:\/\/www.maevie.fr\/wp-content\/uploads\/2025\/12\/Portrait-Coach-therapeute-energeticienne-hollisitique-gestion-emotions-stress-anxiete-colere-peur-tristesse-deprime-retrouver-la-joie-la-paix-reiki-energetique-1-scaled.jpg 2067w, https:\/\/www.maevie.fr\/wp-content\/uploads\/2025\/12\/Portrait-Coach-therapeute-energeticienne-hollisitique-gestion-emotions-stress-anxiete-colere-peur-tristesse-deprime-retrouver-la-joie-la-paix-reiki-energetique-1-242x300.jpg 242w, https:\/\/www.maevie.fr\/wp-content\/uploads\/2025\/12\/Portrait-Coach-therapeute-energeticienne-hollisitique-gestion-emotions-stress-anxiete-colere-peur-tristesse-deprime-retrouver-la-joie-la-paix-reiki-energetique-1-827x1024.jpg 827w, https:\/\/www.maevie.fr\/wp-content\/uploads\/2025\/12\/Portrait-Coach-therapeute-energeticienne-hollisitique-gestion-emotions-stress-anxiete-colere-peur-tristesse-deprime-retrouver-la-joie-la-paix-reiki-energetique-1-768x951.jpg 768w, https:\/\/www.maevie.fr\/wp-content\/uploads\/2025\/12\/Portrait-Coach-therapeute-energeticienne-hollisitique-gestion-emotions-stress-anxiete-colere-peur-tristesse-deprime-retrouver-la-joie-la-paix-reiki-energetique-1-1240x1536.jpg 1240w, https:\/\/www.maevie.fr\/wp-content\/uploads\/2025\/12\/Portrait-Coach-therapeute-energeticienne-hollisitique-gestion-emotions-stress-anxiete-colere-peur-tristesse-deprime-retrouver-la-joie-la-paix-reiki-energetique-1-1654x2048.jpg 1654w\" sizes=\"auto, (max-width: 2067px) 100vw, 2067px\" \/><\/figure><div class=\"wp-block-media-text__content\">\n<h2 class=\"wp-block-heading has-text-align-center is-style-text-subtitle has-x-large-font-size is-style-text-subtitle--1\"><strong>Consultation individuelle<\/strong><\/h2>\n\n\n\n<div class=\"wp-block-group has-global-padding is-layout-constrained wp-block-group-is-layout-constrained\">\n<p class=\"has-medium-font-size\">Tu souhaites: <\/p>\n<\/div>\n\n\n\n<ul class=\"wp-block-list\">\n<li class=\"has-medium-font-size\">R\u00e9duire ton stress.<\/li>\n\n\n\n<li class=\"has-medium-font-size\">Mieux g\u00e9rer tes \u00e9motions.<\/li>\n\n\n\n<li class=\"has-medium-font-size\">Traverser un moment difficile.<\/li>\n\n\n\n<li class=\"has-medium-font-size\">Avoir confiance en toi.<\/li>\n\n\n\n<li class=\"has-medium-font-size\">Apprendre \u00e0 mieux te conna\u00eetre; \u00e0 t&rsquo;aimer.<\/li>\n\n\n\n<li class=\"has-medium-font-size\">Atteindre un objectif.<\/li>\n\n\n\n<li class=\"has-medium-font-size\">R\u00e9soudre une probl\u00e9matique.<\/li>\n\n\n\n<li class=\"has-medium-font-size\">Retrouver de la paix et de la joie .<\/li>\n<\/ul>\n<\/div><\/div>\n\n\n\n<div class=\"wp-block-group is-style-default has-global-padding is-content-justification-right is-layout-constrained wp-container-core-group-is-layout-5c12a1d1 wp-block-group-is-layout-constrained\">\n<p class=\"has-text-align-center has-large-font-size\"><strong>60 \u20ac la s\u00e9ance <\/strong><\/p>\n\n\n\n<div class=\"wp-block-buttons has-custom-font-size has-large-font-size is-content-justification-center is-layout-flex wp-container-core-buttons-is-layout-a89b3969 wp-block-buttons-is-layout-flex\">\n<div class=\"wp-block-button is-style-outline is-style-outline--2\"><a class=\"wp-block-button__link has-accent-5-color has-custom-color-4-background-color has-text-color has-background has-link-color has-large-font-size has-custom-font-size wp-element-button\" href=\"https:\/\/www.resalib.fr\/agenda\/124652#\/\"><strong>R\u00e9server<\/strong><\/a><\/div>\n<\/div>\n<\/div>\n\n\n\n<hr class=\"wp-block-separator has-alpha-channel-opacity\"\/>\n<\/div>\n\n\n\n<div class=\"wp-block-group has-global-padding is-layout-constrained wp-container-core-group-is-layout-5a30f31b wp-block-group-is-layout-constrained\">\n<div class=\"wp-block-media-text has-media-on-the-right is-stacked-on-mobile\" style=\"grid-template-columns:auto 34%\"><div class=\"wp-block-media-text__content\">\n<h2 class=\"wp-block-heading has-text-align-center has-x-large-font-size\"><strong>Soin \u00e9nerg\u00e9tique Reiki<\/strong><\/h2>\n\n\n\n<p class=\"has-medium-font-size\">Le Reiki aide \u00e0 :<\/p>\n\n\n\n<ul class=\"wp-block-list\">\n<li class=\"has-medium-font-size\">Se relaxer, se d\u00e9tendre.<\/li>\n\n\n\n<li class=\"has-medium-font-size\">Am\u00e9liorer le sommeil. <\/li>\n\n\n\n<li class=\"has-medium-font-size\">Lib\u00e9rer le stress et les tensions.<\/li>\n\n\n\n<li class=\"has-medium-font-size\">\u00c9quilibrer tes \u00e9nergies.<\/li>\n\n\n\n<li class=\"has-medium-font-size\">R\u00e9activer ton \u00e9nergie vitale.<\/li>\n\n\n\n<li class=\"has-medium-font-size\">Lib\u00e9rer ce qui doit l\u2019\u00eatre.<\/li>\n\n\n\n<li class=\"has-medium-font-size\">Lever certains blocage dans ta vie.<\/li>\n\n\n\n<li class=\"has-medium-font-size\">Renforcer le syst\u00e8me immunitaire et l&rsquo;auto-gu\u00e9rison.<\/li>\n\n\n\n<li class=\"has-medium-font-size\">Soulager certains maux et douleurs.<\/li>\n\n\n\n<li class=\"has-medium-font-size\">\u00c9lever ta vibration.<\/li>\n<\/ul>\n\n\n\n<p class=\"has-medium-font-size\">Je canalise l\u2019\u00e9nergie Reiki et te la transmets \u00e0 distance.<br>Tout se fait en visio, car l\u2019\u00e9nergie traverse le temps et l\u2019espace \u2728<\/p>\n<\/div><figure class=\"wp-block-media-text__media\"><img loading=\"lazy\" decoding=\"async\" width=\"1200\" height=\"1600\" src=\"http:\/\/vwwxdft.cluster121.hosting.ovh.net\/wp-content\/uploads\/2025\/12\/reiki-usui-soin-energetique-energeticienne-relaxation-reduire.jpeg\" alt=\"\" class=\"wp-image-33 size-full\" srcset=\"https:\/\/www.maevie.fr\/wp-content\/uploads\/2025\/12\/reiki-usui-soin-energetique-energeticienne-relaxation-reduire.jpeg 1200w, https:\/\/www.maevie.fr\/wp-content\/uploads\/2025\/12\/reiki-usui-soin-energetique-energeticienne-relaxation-reduire-225x300.jpeg 225w, https:\/\/www.maevie.fr\/wp-content\/uploads\/2025\/12\/reiki-usui-soin-energetique-energeticienne-relaxation-reduire-768x1024.jpeg 768w, https:\/\/www.maevie.fr\/wp-content\/uploads\/2025\/12\/reiki-usui-soin-energetique-energeticienne-relaxation-reduire-1152x1536.jpeg 1152w\" sizes=\"auto, (max-width: 1200px) 100vw, 1200px\" \/><\/figure><\/div>\n\n\n\n<div class=\"wp-block-group is-style-default has-global-padding is-content-justification-right is-layout-constrained wp-container-core-group-is-layout-5c12a1d1 wp-block-group-is-layout-constrained\">\n<p class=\"has-text-align-center has-large-font-size\"><strong>50 \u20ac la s\u00e9ance \/ 180 \u20ac les 4<\/strong><\/p>\n\n\n\n<div class=\"wp-block-buttons is-content-justification-center is-layout-flex wp-container-core-buttons-is-layout-a89b3969 wp-block-buttons-is-layout-flex\">\n<div class=\"wp-block-button is-style-outline is-style-outline--3\"><a class=\"wp-block-button__link has-accent-5-color has-custom-color-4-background-color has-text-color has-background has-link-color has-large-font-size has-custom-font-size wp-element-button\" href=\"https:\/\/www.resalib.fr\/agenda\/124652#\/\"><strong>R\u00e9server<\/strong><\/a><\/div>\n<\/div>\n<\/div>\n\n\n\n<hr class=\"wp-block-separator has-alpha-channel-opacity is-style-wide is-style-wide--4\"\/>\n<\/div>\n\n\n\n<div class=\"wp-block-group has-global-padding is-layout-constrained wp-block-group-is-layout-constrained\">\n<div class=\"wp-block-group is-content-justification-center is-layout-flex wp-container-core-group-is-layout-cc8c53f0 wp-block-group-is-layout-flex\" style=\"margin-top:var(--wp--preset--spacing--20);margin-bottom:var(--wp--preset--spacing--20);padding-top:0;padding-right:0;padding-bottom:0;padding-left:0\">\n<div class=\"wp-block-media-text is-stacked-on-mobile\"><figure class=\"wp-block-media-text__media\"><img loading=\"lazy\" decoding=\"async\" width=\"640\" height=\"427\" src=\"http:\/\/vwwxdft.cluster121.hosting.ovh.net\/wp-content\/uploads\/2025\/12\/Taux-vibratoire-FREQUENCE-VIBRATOIRE-EQUILIBRE-CHAKRA-ENERGETIQUE-VIBRATION.jpg\" alt=\"\" class=\"wp-image-36 size-full\" srcset=\"https:\/\/www.maevie.fr\/wp-content\/uploads\/2025\/12\/Taux-vibratoire-FREQUENCE-VIBRATOIRE-EQUILIBRE-CHAKRA-ENERGETIQUE-VIBRATION.jpg 640w, https:\/\/www.maevie.fr\/wp-content\/uploads\/2025\/12\/Taux-vibratoire-FREQUENCE-VIBRATOIRE-EQUILIBRE-CHAKRA-ENERGETIQUE-VIBRATION-300x200.jpg 300w\" sizes=\"auto, (max-width: 640px) 100vw, 640px\" \/><\/figure><div class=\"wp-block-media-text__content\">\n<h2 class=\"wp-block-heading has-text-align-center has-x-large-font-size\"><strong>Bilan \u00e9nerg\u00e9tique<\/strong><\/h2>\n\n\n\n<div class=\"wp-block-group has-global-padding is-layout-constrained wp-block-group-is-layout-constrained\">\n<p class=\"has-text-align-left has-medium-font-size\">\u00c0 l\u2019aide de mon pendule, je mesure  ton taux vibratoire global ainsi que l\u2019\u00e9quilibre de chacun de tes chakras et de tes \u00e9nergies.<\/p>\n\n\n\n<p class=\"has-text-align-left has-medium-font-size\">Nous prenons ensuite un temps en visio pour explorer ensemble ton bilan, comprendre les impacts sur ta vie, et d\u00e9finir un plan d\u2019action concret pour t\u2019aider \u00e0 retrouver l\u2019harmonie et avancer vers tes objectifs.<\/p>\n\n\n\n<p class=\"has-medium-font-size\">Tu re\u00e7ois ensuite un document PDF complet <br>avec le r\u00e9sum\u00e9 de ton bilan et des conseils<br>personnalis\u00e9s pour r\u00e9\u00e9quilibrer ce qui <br>en a besoin.<\/p>\n<\/div>\n<\/div><\/div>\n<\/div>\n\n\n\n<div class=\"wp-block-group alignwide has-global-padding is-layout-constrained wp-container-core-group-is-layout-735f4719 wp-block-group-is-layout-constrained\" style=\"padding-right:0;padding-left:0\">\n<div class=\"wp-block-group is-vertical is-content-justification-center is-layout-flex wp-container-core-group-is-layout-81423f52 wp-block-group-is-layout-flex\">\n<p class=\"has-text-align-center has-large-font-size\"><strong>60 \u20ac la s\u00e9ance <\/strong><\/p>\n\n\n\n<div class=\"wp-block-buttons has-custom-font-size has-large-font-size is-layout-flex wp-block-buttons-is-layout-flex\">\n<div class=\"wp-block-button is-style-outline is-style-outline--5\"><a class=\"wp-block-button__link has-accent-5-color has-custom-color-4-background-color has-text-color has-background has-link-color has-large-font-size has-text-align-center has-custom-font-size wp-element-button\" href=\"https:\/\/www.resalib.fr\/agenda\/124652#\/\"><strong>R\u00e9server<\/strong><\/a><\/div>\n<\/div>\n<\/div>\n<\/div>\n<\/div>\n\n\n\n<hr class=\"wp-block-separator has-alpha-channel-opacity\"\/>\n\n\n\n<div class=\"wp-block-group has-global-padding is-layout-constrained wp-container-core-group-is-layout-dfa63756 wp-block-group-is-layout-constrained\" style=\"margin-top:0;margin-bottom:0;padding-top:0;padding-bottom:0\">\n<div class=\"wp-block-group is-content-justification-center is-layout-flex wp-container-core-group-is-layout-749ec39e wp-block-group-is-layout-flex\" style=\"margin-top:var(--wp--preset--spacing--20);margin-bottom:var(--wp--preset--spacing--20);padding-top:0;padding-right:0;padding-bottom:0;padding-left:0\">\n<div class=\"wp-block-media-text has-media-on-the-right is-stacked-on-mobile is-vertically-aligned-center\" style=\"grid-template-columns:auto 23%\"><div class=\"wp-block-media-text__content\">\n<h2 class=\"wp-block-heading has-text-align-center has-x-large-font-size\"><strong>Guidances<\/strong><\/h2>\n\n\n\n<div class=\"wp-block-group has-global-padding is-layout-constrained wp-block-group-is-layout-constrained\">\n<p class=\"has-medium-font-size\">\u00c0 l\u2019aide de mes oracles et de mon pendule, je t\u2019aide \u00e0 <br>d\u00e9couvrir les messages que le monde de l\u2019invisible souhaite te transmettre.                                         <br>                                                                                                                                                Que tu arrives avec une question pr\u00e9cise ou<br>simplement l\u2019envie de faire le point,                                                                                           je canalise et te partage avec clart\u00e9 et douceur les guidances<br>re\u00e7ues pour t\u2019apporter  compr\u00e9hension, \u00e9clairage<br>et confiance sur ton chemin.<\/p>\n\n\n\n<p class=\"has-medium-font-size\">Le rendez-vous se passe en consultation vid\u00e9o.<\/p>\n<\/div>\n<\/div><figure class=\"wp-block-media-text__media\"><img loading=\"lazy\" decoding=\"async\" width=\"480\" height=\"841\" src=\"http:\/\/vwwxdft.cluster121.hosting.ovh.net\/wp-content\/uploads\/2025\/12\/GUIDANCE-ORACLE-FUTUR-REPONSE-GUIDES-ANGES-CARTOMANCIE.jpg\" alt=\"\" class=\"wp-image-35 size-full\" srcset=\"https:\/\/www.maevie.fr\/wp-content\/uploads\/2025\/12\/GUIDANCE-ORACLE-FUTUR-REPONSE-GUIDES-ANGES-CARTOMANCIE.jpg 480w, https:\/\/www.maevie.fr\/wp-content\/uploads\/2025\/12\/GUIDANCE-ORACLE-FUTUR-REPONSE-GUIDES-ANGES-CARTOMANCIE-171x300.jpg 171w\" sizes=\"auto, (max-width: 480px) 100vw, 480px\" \/><\/figure><\/div>\n\n\n\n<div class=\"wp-block-group has-global-padding is-content-justification-center is-layout-constrained wp-container-core-group-is-layout-ffce93fd wp-block-group-is-layout-constrained\">\n<p class=\"has-text-align-center has-large-font-size\"><strong>60 \u20ac la s\u00e9ance <\/strong><\/p>\n\n\n\n<div class=\"wp-block-buttons is-layout-flex wp-block-buttons-is-layout-flex\">\n<div class=\"wp-block-button\"><a class=\"wp-block-button__link has-accent-5-color has-custom-color-4-background-color has-text-color has-background has-link-color has-large-font-size has-custom-font-size wp-element-button\" href=\"https:\/\/www.resalib.fr\/agenda\/124652#\/\"><strong>R\u00e9server<\/strong><\/a><\/div>\n<\/div>\n<\/div>\n<\/div>\n\n\n\n<hr class=\"wp-block-separator has-alpha-channel-opacity\"\/>\n<\/div>\n\n\n\n<div class=\"wp-block-group has-global-padding is-layout-constrained wp-block-group-is-layout-constrained\">\n<div class=\"wp-block-group is-content-justification-left is-layout-flex wp-container-core-group-is-layout-b074b26b wp-block-group-is-layout-flex\" style=\"padding-top:var(--wp--preset--spacing--20);padding-right:var(--wp--preset--spacing--20);padding-bottom:var(--wp--preset--spacing--20);padding-left:var(--wp--preset--spacing--20)\">\n<div class=\"wp-block-media-text is-stacked-on-mobile is-vertically-aligned-top wp-container-content-9cfa9a5a\" style=\"grid-template-columns:33% auto\"><figure class=\"wp-block-media-text__media\"><img loading=\"lazy\" decoding=\"async\" width=\"1024\" height=\"678\" src=\"http:\/\/vwwxdft.cluster121.hosting.ovh.net\/wp-content\/uploads\/2026\/01\/summer-self-care-1-1024x678-1.jpg\" alt=\"\" class=\"wp-image-160 size-full\" srcset=\"https:\/\/www.maevie.fr\/wp-content\/uploads\/2026\/01\/summer-self-care-1-1024x678-1.jpg 1024w, https:\/\/www.maevie.fr\/wp-content\/uploads\/2026\/01\/summer-self-care-1-1024x678-1-300x199.jpg 300w, https:\/\/www.maevie.fr\/wp-content\/uploads\/2026\/01\/summer-self-care-1-1024x678-1-768x509.jpg 768w\" sizes=\"auto, (max-width: 1024px) 100vw, 1024px\" \/><\/figure><div class=\"wp-block-media-text__content\">\n<h2 class=\"wp-block-heading has-text-align-center has-x-large-font-size\"><strong>Accompagnement Lib\u00e9ration 333<\/strong><\/h2>\n\n\n\n<div class=\"wp-block-group is-layout-flow wp-block-group-is-layout-flow\">\n<p class=\"has-text-align-left has-medium-font-size\">Parce que la vraie gu\u00e9rison ne se fait pas en une s\u00e9ance<br>Un v\u00e9ritable processus de transformation et de gu\u00e9rison pour  te lib\u00e9rer de ce qui te fait souffrir et r\u00e9v\u00e9ler une nouvelle version de toi :  <strong>plus l\u00e9g\u00e8re, plus apais\u00e9e, plus heureuse.<\/strong><\/p>\n\n\n\n<p class=\"has-text-align-left has-medium-font-size\">Ce que comprend cet accompagnement holistique :<br><br>\u2728 3 s\u00e9ances de th\u00e9rapie en visio (toutes les 2 semaines).<br>Un accompagnement sur mesure avec mes diff\u00e9rents outils (\u00c9coute et dialogue th\u00e9rapeutique, Reiki, EFT, m\u00e9ditation guid\u00e9e, lib\u00e9ration somatique, art th\u00e9rapie ). <br><br>\u2728 4 soins \u00e9nerg\u00e9tiques (sur 1 mois)<br>Pour lib\u00e9rer les \u00e9motions et m\u00e9moires pass\u00e9es inscrites dans tes<br>\u00e9nergies, te r\u00e9\u00e9nergiser et te r\u00e9aligner en profondeur.<br><br>\u2728 Suivi quotidien pendant toute la dur\u00e9e de l&rsquo;accompagnement<br>gr\u00e2ce \u00e0 un canal priv\u00e9 WhatsApp. Tu n&rsquo;es jamais seule entre les s\u00e9ances.<\/p>\n<\/div>\n<\/div><\/div>\n<\/div>\n\n\n\n<div class=\"wp-block-group has-global-padding is-layout-constrained wp-container-core-group-is-layout-735f4719 wp-block-group-is-layout-constrained\" style=\"padding-right:0;padding-left:0\">\n<div class=\"wp-block-group has-global-padding is-layout-constrained wp-container-core-group-is-layout-19e250f3 wp-block-group-is-layout-constrained\">\n<p class=\"has-text-align-center has-large-font-size\"><strong>Offre \u00e0 333\u20ac <\/strong><\/p>\n\n\n\n<p class=\"has-text-align-center has-medium-font-size\"><em><strong>au lieu de 429\u20ac<\/strong><\/em><\/p>\n\n\n\n<div class=\"wp-block-buttons has-custom-font-size has-large-font-size is-content-justification-center is-layout-flex wp-container-core-buttons-is-layout-a89b3969 wp-block-buttons-is-layout-flex\">\n<div class=\"wp-block-button is-style-outline is-style-outline--6\"><a class=\"wp-block-button__link has-accent-5-color has-custom-color-4-background-color has-text-color has-background has-link-color has-large-font-size has-custom-font-size wp-element-button\" href=\"https:\/\/www.resalib.fr\/agenda\/124652#\/\"><strong>R\u00e9server<\/strong><\/a><\/div>\n<\/div>\n<\/div>\n<\/div>\n\n\n\n<hr class=\"wp-block-separator has-alpha-channel-opacity is-style-wide is-style-wide--7\"\/>\n\n\n\n<p class=\"has-text-align-left is-style-text-annotation is-style-text-annotation--8\"><strong>\u26a0\ufe0f Informations importantes<br><\/strong>Mes accompagnements ne remplacent en aucun cas la m\u00e9decine et les th\u00e9rapies traditionnelles,<br>mais constitue un excellent compl\u00e9ment pour ton bien-\u00eatre global.<\/p>\n<\/div>\n<\/div>\n\n\n\n<div id=\"contact\" class=\"wp-block-group has-global-padding is-layout-constrained wp-block-group-is-layout-constrained\">\n<h2 class=\"wp-block-heading has-text-align-center is-style-default\">Qui suis-je ?<\/h2>\n\n\n\n<div class=\"wp-block-cover has-custom-content-position is-position-center-right\"><img loading=\"lazy\" decoding=\"async\" width=\"1024\" height=\"431\" class=\"wp-block-cover__image-background wp-image-53 size-large\" alt=\"\" src=\"http:\/\/vwwxdft.cluster121.hosting.ovh.net\/wp-content\/uploads\/2025\/12\/2-Coach-therapeute-energeticienne-hollisitique-gestion-emotions-stress-anxiete-1024x431.jpg\" data-object-fit=\"cover\" srcset=\"https:\/\/www.maevie.fr\/wp-content\/uploads\/2025\/12\/2-Coach-therapeute-energeticienne-hollisitique-gestion-emotions-stress-anxiete-1024x431.jpg 1024w, https:\/\/www.maevie.fr\/wp-content\/uploads\/2025\/12\/2-Coach-therapeute-energeticienne-hollisitique-gestion-emotions-stress-anxiete-300x126.jpg 300w, https:\/\/www.maevie.fr\/wp-content\/uploads\/2025\/12\/2-Coach-therapeute-energeticienne-hollisitique-gestion-emotions-stress-anxiete-768x323.jpg 768w, https:\/\/www.maevie.fr\/wp-content\/uploads\/2025\/12\/2-Coach-therapeute-energeticienne-hollisitique-gestion-emotions-stress-anxiete-1536x646.jpg 1536w, https:\/\/www.maevie.fr\/wp-content\/uploads\/2025\/12\/2-Coach-therapeute-energeticienne-hollisitique-gestion-emotions-stress-anxiete-2048x861.jpg 2048w\" sizes=\"auto, (max-width: 1024px) 100vw, 1024px\" \/><span aria-hidden=\"true\" class=\"wp-block-cover__background has-background-dim-0 has-background-dim\" style=\"background-color:#666340\"><\/span><div class=\"wp-block-cover__inner-container has-global-padding is-layout-constrained wp-block-cover-is-layout-constrained\">\n<p class=\"has-contrast-color has-base-background-color has-text-color has-background has-link-color has-small-font-size wp-elements-85686bc66422343d25205f67508ae53d\" style=\"padding-top:var(--wp--preset--spacing--20);padding-right:var(--wp--preset--spacing--20);padding-bottom:var(--wp--preset--spacing--20);padding-left:var(--wp--preset--spacing--20)\"><strong>Je suis Ma\u00ebva, ta th\u00e9rapeute holistique et \u00e9nerg\u00e9ticienne<\/strong> \u2728<br><br>Hypersensible de nature, j\u2019ai tr\u00e8s vite cherch\u00e9 des solutions pour vivre<br>plus sereinement cette vie que j\u2019avais souvent l\u2019impression de subir.<br><br>Je me suis donc fait accompagner par des professionnels et je me suis<br>moi-m\u00eame form\u00e9e et assist\u00e9 \u00e0 d\u2019innombrables conf\u00e9rences.<br>J\u2019ai cherch\u00e9 des r\u00e9ponses partout !<br><br>Aujourd\u2019hui, je partage ce savoir et cette exp\u00e9rience pour t\u2019accompagner<br>toi aussi, \u00e0 mieux vivre avec tes \u00e9motions et \u00e0 traverser les temp\u00eates de<br>la vie.<\/p>\n<\/div><\/div>\n<\/div>\n\n\n\n<hr class=\"wp-block-separator has-alpha-channel-opacity\"\/>\n","protected":false},"excerpt":{"rendered":"<p>Mes prestations Les s\u00e9ances se font en t\u00e9l\u00e9consultation, lors d&rsquo;appels visio. Consultation individuelle Tu souhaites: 60 \u20ac la s\u00e9ance Soin \u00e9nerg\u00e9tique Reiki Le Reiki aide \u00e0 : Je canalise l\u2019\u00e9nergie Reiki et te la transmets \u00e0 distance.Tout se fait en visio, car l\u2019\u00e9nergie traverse le temps et l\u2019espace \u2728 50 \u20ac la s\u00e9ance \/ 180 [&hellip;]<\/p>\n","protected":false},"author":1,"featured_media":94,"parent":0,"menu_order":0,"comment_status":"closed","ping_status":"closed","template":"","meta":{"footnotes":""},"class_list":["post-8","page","type-page","status-publish","has-post-thumbnail","hentry"],"_links":{"self":[{"href":"https:\/\/www.maevie.fr\/index.php\/wp-json\/wp\/v2\/pages\/8","targetHints":{"allow":["GET"]}}],"collection":[{"href":"https:\/\/www.maevie.fr\/index.php\/wp-json\/wp\/v2\/pages"}],"about":[{"href":"https:\/\/www.maevie.fr\/index.php\/wp-json\/wp\/v2\/types\/page"}],"author":[{"embeddable":true,"href":"https:\/\/www.maevie.fr\/index.php\/wp-json\/wp\/v2\/users\/1"}],"replies":[{"embeddable":true,"href":"https:\/\/www.maevie.fr\/index.php\/wp-json\/wp\/v2\/comments?post=8"}],"version-history":[{"count":90,"href":"https:\/\/www.maevie.fr\/index.php\/wp-json\/wp\/v2\/pages\/8\/revisions"}],"predecessor-version":[{"id":315,"href":"https:\/\/www.maevie.fr\/index.php\/wp-json\/wp\/v2\/pages\/8\/revisions\/315"}],"wp:featuredmedia":[{"embeddable":true,"href":"https:\/\/www.maevie.fr\/index.php\/wp-json\/wp\/v2\/media\/94"}],"wp:attachment":[{"href":"https:\/\/www.maevie.fr\/index.php\/wp-json\/wp\/v2\/media?parent=8"}],"curies":[{"name":"wp","href":"https:\/\/api.w.org\/{rel}","templated":true}]}}