{"id":229,"date":"2026-02-11T22:25:24","date_gmt":"2026-02-11T21:25:24","guid":{"rendered":"https:\/\/www.maevie.fr\/?page_id=229"},"modified":"2026-02-18T15:16:51","modified_gmt":"2026-02-18T14:16:51","slug":"avis","status":"publish","type":"page","link":"https:\/\/www.maevie.fr\/index.php\/avis\/","title":{"rendered":"Avis"},"content":{"rendered":"\n<div class=\"wp-block-group alignfull has-global-padding is-layout-constrained wp-block-group-is-layout-constrained\" style=\"margin-top:0;margin-bottom:0;padding-top:var(--wp--preset--spacing--50);padding-bottom:var(--wp--preset--spacing--50)\">\n<div class=\"wp-block-group alignwide is-layout-grid wp-container-core-group-is-layout-840b37f5 wp-block-group-is-layout-grid\">\n<div class=\"wp-block-group is-vertical is-layout-flex wp-container-core-group-is-layout-2d729e81 wp-block-group-is-layout-flex\">\n<h2 class=\"wp-block-heading has-x-large-font-size\">Not\u00e9e 5 \u00e9toiles sur Google<\/h2>\n<\/div>\n\n\n\n<div class=\"wp-block-group wp-container-content-7ed1b8cc is-vertical is-content-justification-stretch is-layout-flex wp-container-core-group-is-layout-353c4f5a wp-block-group-is-layout-flex\">\n<div class=\"wp-block-cover\" style=\"min-height:250px;aspect-ratio:unset;\"><img loading=\"lazy\" decoding=\"async\" width=\"1080\" height=\"851\" class=\"wp-block-cover__image-background wp-image-238 size-full\" alt=\"\" src=\"https:\/\/www.maevie.fr\/wp-content\/uploads\/2026\/02\/627061034_1677413907014123_586059576793322229_n.jpg\" style=\"object-position:0% 0%\" data-object-fit=\"cover\" data-object-position=\"0% 0%\" srcset=\"https:\/\/www.maevie.fr\/wp-content\/uploads\/2026\/02\/627061034_1677413907014123_586059576793322229_n.jpg 1080w, https:\/\/www.maevie.fr\/wp-content\/uploads\/2026\/02\/627061034_1677413907014123_586059576793322229_n-300x236.jpg 300w, https:\/\/www.maevie.fr\/wp-content\/uploads\/2026\/02\/627061034_1677413907014123_586059576793322229_n-1024x807.jpg 1024w, https:\/\/www.maevie.fr\/wp-content\/uploads\/2026\/02\/627061034_1677413907014123_586059576793322229_n-768x605.jpg 768w\" sizes=\"auto, (max-width: 1080px) 100vw, 1080px\" \/><span aria-hidden=\"true\" class=\"wp-block-cover__background has-background-dim-0 has-background-dim\" style=\"background-color:#3d3e42\"><\/span><div class=\"wp-block-cover__inner-container is-layout-flow wp-block-cover-is-layout-flow\">\n<div style=\"height:var(--wp--preset--spacing--20)\" aria-hidden=\"true\" class=\"wp-block-spacer\"><\/div>\n<\/div><\/div>\n\n\n\n<figure class=\"wp-block-image size-full\"><img loading=\"lazy\" decoding=\"async\" width=\"496\" height=\"544\" src=\"https:\/\/www.maevie.fr\/wp-content\/uploads\/2026\/02\/image.png\" alt=\"\" class=\"wp-image-239\" srcset=\"https:\/\/www.maevie.fr\/wp-content\/uploads\/2026\/02\/image.png 496w, https:\/\/www.maevie.fr\/wp-content\/uploads\/2026\/02\/image-274x300.png 274w\" sizes=\"auto, (max-width: 496px) 100vw, 496px\" \/><\/figure>\n<\/div>\n\n\n\n<div class=\"wp-block-group wp-container-content-7ed1b8cc is-vertical is-content-justification-stretch is-layout-flex wp-container-core-group-is-layout-353c4f5a wp-block-group-is-layout-flex\">\n<figure class=\"wp-block-image size-large\"><img loading=\"lazy\" decoding=\"async\" width=\"1024\" height=\"787\" src=\"https:\/\/www.maevie.fr\/wp-content\/uploads\/2026\/02\/626730284_1458160802626315_5075696525453956986_n-1024x787.jpg\" alt=\"\" class=\"wp-image-235\" srcset=\"https:\/\/www.maevie.fr\/wp-content\/uploads\/2026\/02\/626730284_1458160802626315_5075696525453956986_n-1024x787.jpg 1024w, https:\/\/www.maevie.fr\/wp-content\/uploads\/2026\/02\/626730284_1458160802626315_5075696525453956986_n-300x231.jpg 300w, https:\/\/www.maevie.fr\/wp-content\/uploads\/2026\/02\/626730284_1458160802626315_5075696525453956986_n-768x590.jpg 768w, https:\/\/www.maevie.fr\/wp-content\/uploads\/2026\/02\/626730284_1458160802626315_5075696525453956986_n.jpg 1115w\" sizes=\"auto, (max-width: 1024px) 100vw, 1024px\" \/><\/figure>\n\n\n\n<figure class=\"wp-block-image size-large\"><img loading=\"lazy\" decoding=\"async\" width=\"1024\" height=\"588\" src=\"https:\/\/www.maevie.fr\/wp-content\/uploads\/2026\/02\/629269605_892257726854190_8318336867022039935_n-1024x588.jpg\" alt=\"\" class=\"wp-image-236\" srcset=\"https:\/\/www.maevie.fr\/wp-content\/uploads\/2026\/02\/629269605_892257726854190_8318336867022039935_n-1024x588.jpg 1024w, https:\/\/www.maevie.fr\/wp-content\/uploads\/2026\/02\/629269605_892257726854190_8318336867022039935_n-300x172.jpg 300w, https:\/\/www.maevie.fr\/wp-content\/uploads\/2026\/02\/629269605_892257726854190_8318336867022039935_n-768x441.jpg 768w, https:\/\/www.maevie.fr\/wp-content\/uploads\/2026\/02\/629269605_892257726854190_8318336867022039935_n.jpg 1095w\" sizes=\"auto, (max-width: 1024px) 100vw, 1024px\" \/><\/figure>\n\n\n\n<div class=\"wp-block-cover\" style=\"min-height:192px;aspect-ratio:unset;\"><img loading=\"lazy\" decoding=\"async\" width=\"1024\" height=\"712\" class=\"wp-block-cover__image-background wp-image-237 size-large\" alt=\"\" src=\"https:\/\/www.maevie.fr\/wp-content\/uploads\/2026\/02\/620600706_1314981297169326_2299924906728579053_n-1024x712.jpg\" style=\"object-position:45% 48%\" data-object-fit=\"cover\" data-object-position=\"45% 48%\" srcset=\"https:\/\/www.maevie.fr\/wp-content\/uploads\/2026\/02\/620600706_1314981297169326_2299924906728579053_n-1024x712.jpg 1024w, https:\/\/www.maevie.fr\/wp-content\/uploads\/2026\/02\/620600706_1314981297169326_2299924906728579053_n-300x209.jpg 300w, https:\/\/www.maevie.fr\/wp-content\/uploads\/2026\/02\/620600706_1314981297169326_2299924906728579053_n-768x534.jpg 768w, https:\/\/www.maevie.fr\/wp-content\/uploads\/2026\/02\/620600706_1314981297169326_2299924906728579053_n.jpg 1027w\" sizes=\"auto, (max-width: 1024px) 100vw, 1024px\" \/><span aria-hidden=\"true\" class=\"wp-block-cover__background has-background-dim-0 has-background-dim\" style=\"background-color:#828282\"><\/span><div class=\"wp-block-cover__inner-container has-global-padding is-layout-constrained wp-block-cover-is-layout-constrained\">\n<div style=\"height:var(--wp--preset--spacing--20)\" aria-hidden=\"true\" class=\"wp-block-spacer\"><\/div>\n<\/div><\/div>\n<\/div>\n\n\n\n<div class=\"wp-block-group is-vertical is-content-justification-stretch is-layout-flex wp-container-core-group-is-layout-353c4f5a wp-block-group-is-layout-flex\">\n<div class=\"wp-block-cover\" style=\"min-height:172px;aspect-ratio:unset;\"><img loading=\"lazy\" decoding=\"async\" width=\"1024\" height=\"604\" class=\"wp-block-cover__image-background wp-image-234 size-large\" alt=\"\" src=\"https:\/\/www.maevie.fr\/wp-content\/uploads\/2026\/02\/Noter-5-etoiles-sur-google-1024x604.jpg\" data-object-fit=\"cover\" srcset=\"https:\/\/www.maevie.fr\/wp-content\/uploads\/2026\/02\/Noter-5-etoiles-sur-google-1024x604.jpg 1024w, https:\/\/www.maevie.fr\/wp-content\/uploads\/2026\/02\/Noter-5-etoiles-sur-google-300x177.jpg 300w, https:\/\/www.maevie.fr\/wp-content\/uploads\/2026\/02\/Noter-5-etoiles-sur-google-768x453.jpg 768w, https:\/\/www.maevie.fr\/wp-content\/uploads\/2026\/02\/Noter-5-etoiles-sur-google.jpg 1051w\" sizes=\"auto, (max-width: 1024px) 100vw, 1024px\" \/><span aria-hidden=\"true\" class=\"wp-block-cover__background has-background-dim-0 has-background-dim\" style=\"background-color:#d6bc98\"><\/span><div class=\"wp-block-cover__inner-container has-global-padding is-layout-constrained wp-block-cover-is-layout-constrained\">\n<div style=\"height:var(--wp--preset--spacing--20)\" aria-hidden=\"true\" class=\"wp-block-spacer\"><\/div>\n<\/div><\/div>\n\n\n\n<figure class=\"wp-block-image size-large\"><img loading=\"lazy\" decoding=\"async\" width=\"1024\" height=\"633\" src=\"https:\/\/www.maevie.fr\/wp-content\/uploads\/2026\/02\/625499783_1608459396855235_6849484555920086792_n-1024x633.jpg\" alt=\"\" class=\"wp-image-233\" srcset=\"https:\/\/www.maevie.fr\/wp-content\/uploads\/2026\/02\/625499783_1608459396855235_6849484555920086792_n-1024x633.jpg 1024w, https:\/\/www.maevie.fr\/wp-content\/uploads\/2026\/02\/625499783_1608459396855235_6849484555920086792_n-300x185.jpg 300w, https:\/\/www.maevie.fr\/wp-content\/uploads\/2026\/02\/625499783_1608459396855235_6849484555920086792_n-768x475.jpg 768w, https:\/\/www.maevie.fr\/wp-content\/uploads\/2026\/02\/625499783_1608459396855235_6849484555920086792_n.jpg 1102w\" sizes=\"auto, (max-width: 1024px) 100vw, 1024px\" \/><\/figure>\n\n\n\n<figure class=\"wp-block-image size-full\"><img loading=\"lazy\" decoding=\"async\" width=\"1207\" height=\"1039\" src=\"https:\/\/www.maevie.fr\/wp-content\/uploads\/2026\/02\/626448613_1428216162186774_4365175883790058169_n-1.jpg\" alt=\"\" class=\"wp-image-263\" srcset=\"https:\/\/www.maevie.fr\/wp-content\/uploads\/2026\/02\/626448613_1428216162186774_4365175883790058169_n-1.jpg 1207w, https:\/\/www.maevie.fr\/wp-content\/uploads\/2026\/02\/626448613_1428216162186774_4365175883790058169_n-1-300x258.jpg 300w, https:\/\/www.maevie.fr\/wp-content\/uploads\/2026\/02\/626448613_1428216162186774_4365175883790058169_n-1-1024x881.jpg 1024w, https:\/\/www.maevie.fr\/wp-content\/uploads\/2026\/02\/626448613_1428216162186774_4365175883790058169_n-1-768x661.jpg 768w\" sizes=\"auto, (max-width: 1207px) 100vw, 1207px\" \/><\/figure>\n<\/div>\n<\/div>\n\n\n\n<h2 class=\"wp-block-heading\"><\/h2>\n\n\n\n<div class=\"wp-block-buttons alignwide is-vertical is-content-justification-center is-layout-flex wp-container-core-buttons-is-layout-734eb2c2 wp-block-buttons-is-layout-flex\">\n<div class=\"wp-block-button\"><a class=\"wp-block-button__link has-custom-color-4-background-color has-background has-x-large-font-size has-custom-font-size wp-element-button\" href=\"https:\/\/calendly.com\/maevie-contact\/rendez-vous?utm_source=ig&amp;utm_medium=social&amp;utm_content=link_in_bio&amp;fbclid=PAZXh0bgNhZW0CMTEAc3J0YwZhcHBfaWQMMjU2MjgxMDQwNTU4AAGns25ihcbdT6xAV4V5XEI-v39Pq9vlK2n4ypfDXe4QiUrAAo5jhCMQ78sC0gw_aem_OG8yXxeGj1O8xlktVNRxDg&amp;month=2026-02\">R\u00e9serve ton rendez-vous <\/a><\/div>\n<\/div>\n<\/div>\n\n\n\n<div class=\"wp-block-group alignfull has-global-padding is-layout-constrained wp-block-group-is-layout-constrained\" style=\"margin-top:0;margin-bottom:0;padding-top:var(--wp--preset--spacing--50);padding-bottom:var(--wp--preset--spacing--50)\">\n<div class=\"wp-block-group alignwide is-layout-grid wp-container-core-group-is-layout-840b37f5 wp-block-group-is-layout-grid\">\n<div class=\"wp-block-group is-vertical is-layout-flex wp-container-core-group-is-layout-2d729e81 wp-block-group-is-layout-flex\">\n<h2 class=\"wp-block-heading has-x-large-font-size\">Des avis vid\u00e9os <\/h2>\n<\/div>\n\n\n\n<figure class=\"wp-block-video\"><video height=\"848\" style=\"aspect-ratio: 480 \/ 848;\" width=\"480\" controls src=\"https:\/\/www.maevie.fr\/wp-content\/uploads\/2026\/02\/Snapchat-693478245-1.mp4\"><\/video><\/figure>\n\n\n\n<figure class=\"wp-block-video\"><video height=\"480\" style=\"aspect-ratio: 848 \/ 480;\" width=\"848\" controls src=\"https:\/\/www.maevie.fr\/wp-content\/uploads\/2026\/02\/WhatsApp-Video-2025-12-06-at-17.00.20-2.mp4\"><\/video><\/figure>\n\n\n\n<div class=\"wp-block-group is-vertical is-content-justification-stretch is-layout-flex wp-container-core-group-is-layout-353c4f5a wp-block-group-is-layout-flex\">\n<figure class=\"wp-block-video\"><video height=\"480\" style=\"aspect-ratio: 848 \/ 480;\" width=\"848\" controls src=\"https:\/\/www.maevie.fr\/wp-content\/uploads\/2026\/02\/WhatsApp-Video-2025-12-06-at-17.00.19-3.mp4\"><\/video><\/figure>\n<\/div>\n<\/div>\n<\/div>\n\n\n\n<div class=\"wp-block-group alignfull has-global-padding is-layout-constrained wp-block-group-is-layout-constrained\" style=\"margin-top:0;margin-bottom:0;padding-top:var(--wp--preset--spacing--50);padding-bottom:var(--wp--preset--spacing--50)\">\n<div class=\"wp-block-group alignwide is-layout-grid wp-container-core-group-is-layout-840b37f5 wp-block-group-is-layout-grid\">\n<div class=\"wp-block-group is-vertical is-layout-flex wp-container-core-group-is-layout-2d729e81 wp-block-group-is-layout-flex\">\n<h2 class=\"wp-block-heading has-x-large-font-size\">Avis laiss\u00e9s sur d&rsquo;autres plateformes<\/h2>\n<\/div>\n\n\n\n<div class=\"wp-block-group wp-container-content-7ed1b8cc is-vertical is-content-justification-stretch is-layout-flex wp-container-core-group-is-layout-353c4f5a wp-block-group-is-layout-flex\">\n<div class=\"wp-block-cover\" style=\"min-height:172px;aspect-ratio:unset;\"><img loading=\"lazy\" decoding=\"async\" width=\"840\" height=\"510\" class=\"wp-block-cover__image-background wp-image-253 size-full\" alt=\"\" src=\"https:\/\/www.maevie.fr\/wp-content\/uploads\/2026\/02\/Screenshot_2025-10-02-15-54-13-293_com.instagram.android-edit-2.jpg\" data-object-fit=\"cover\" srcset=\"https:\/\/www.maevie.fr\/wp-content\/uploads\/2026\/02\/Screenshot_2025-10-02-15-54-13-293_com.instagram.android-edit-2.jpg 840w, https:\/\/www.maevie.fr\/wp-content\/uploads\/2026\/02\/Screenshot_2025-10-02-15-54-13-293_com.instagram.android-edit-2-300x182.jpg 300w, https:\/\/www.maevie.fr\/wp-content\/uploads\/2026\/02\/Screenshot_2025-10-02-15-54-13-293_com.instagram.android-edit-2-768x466.jpg 768w\" sizes=\"auto, (max-width: 840px) 100vw, 840px\" \/><span aria-hidden=\"true\" class=\"wp-block-cover__background has-background-dim-0 has-background-dim\" style=\"background-color:#454544\"><\/span><div class=\"wp-block-cover__inner-container has-global-padding is-layout-constrained wp-block-cover-is-layout-constrained\">\n<div style=\"height:var(--wp--preset--spacing--20)\" aria-hidden=\"true\" class=\"wp-block-spacer\"><\/div>\n<\/div><\/div>\n\n\n\n<figure class=\"wp-block-image size-full\"><img loading=\"lazy\" decoding=\"async\" width=\"202\" height=\"265\" src=\"https:\/\/www.maevie.fr\/wp-content\/uploads\/2026\/02\/Screenshot_2025-12-10-12-06-24-289_com.instagram.android-edit.jpg\" alt=\"\" class=\"wp-image-256\"\/><\/figure>\n\n\n\n<figure class=\"wp-block-image size-full\"><img loading=\"lazy\" decoding=\"async\" width=\"902\" height=\"690\" src=\"https:\/\/www.maevie.fr\/wp-content\/uploads\/2026\/02\/Screenshot_2026-01-20-17-26-35-610_com.instagram.android-edit.jpg\" alt=\"\" class=\"wp-image-257\" srcset=\"https:\/\/www.maevie.fr\/wp-content\/uploads\/2026\/02\/Screenshot_2026-01-20-17-26-35-610_com.instagram.android-edit.jpg 902w, https:\/\/www.maevie.fr\/wp-content\/uploads\/2026\/02\/Screenshot_2026-01-20-17-26-35-610_com.instagram.android-edit-300x229.jpg 300w, https:\/\/www.maevie.fr\/wp-content\/uploads\/2026\/02\/Screenshot_2026-01-20-17-26-35-610_com.instagram.android-edit-768x587.jpg 768w\" sizes=\"auto, (max-width: 902px) 100vw, 902px\" \/><\/figure>\n\n\n\n<figure class=\"wp-block-image size-full\"><img loading=\"lazy\" decoding=\"async\" width=\"965\" height=\"948\" src=\"https:\/\/www.maevie.fr\/wp-content\/uploads\/2026\/02\/Screenshot_2025-12-10-10-53-11-587_com.whatsapp-edit.jpg\" alt=\"\" class=\"wp-image-252\" srcset=\"https:\/\/www.maevie.fr\/wp-content\/uploads\/2026\/02\/Screenshot_2025-12-10-10-53-11-587_com.whatsapp-edit.jpg 965w, https:\/\/www.maevie.fr\/wp-content\/uploads\/2026\/02\/Screenshot_2025-12-10-10-53-11-587_com.whatsapp-edit-300x295.jpg 300w, https:\/\/www.maevie.fr\/wp-content\/uploads\/2026\/02\/Screenshot_2025-12-10-10-53-11-587_com.whatsapp-edit-768x754.jpg 768w\" sizes=\"auto, (max-width: 965px) 100vw, 965px\" \/><\/figure>\n<\/div>\n\n\n\n<div class=\"wp-block-group wp-container-content-7ed1b8cc is-vertical is-content-justification-stretch is-layout-flex wp-container-core-group-is-layout-353c4f5a wp-block-group-is-layout-flex\">\n<figure class=\"wp-block-image size-full\"><img loading=\"lazy\" decoding=\"async\" width=\"1219\" height=\"618\" src=\"https:\/\/www.maevie.fr\/wp-content\/uploads\/2026\/02\/626594178_1260763845897864_500581296319906896_n.jpg\" alt=\"\" class=\"wp-image-266\" srcset=\"https:\/\/www.maevie.fr\/wp-content\/uploads\/2026\/02\/626594178_1260763845897864_500581296319906896_n.jpg 1219w, https:\/\/www.maevie.fr\/wp-content\/uploads\/2026\/02\/626594178_1260763845897864_500581296319906896_n-300x152.jpg 300w, https:\/\/www.maevie.fr\/wp-content\/uploads\/2026\/02\/626594178_1260763845897864_500581296319906896_n-1024x519.jpg 1024w, https:\/\/www.maevie.fr\/wp-content\/uploads\/2026\/02\/626594178_1260763845897864_500581296319906896_n-768x389.jpg 768w\" sizes=\"auto, (max-width: 1219px) 100vw, 1219px\" \/><\/figure>\n\n\n\n<figure class=\"wp-block-image size-large\"><img loading=\"lazy\" decoding=\"async\" width=\"1024\" height=\"517\" src=\"https:\/\/www.maevie.fr\/wp-content\/uploads\/2026\/02\/626452077_792197107232555_869339980254239423_n-1-1024x517.jpg\" alt=\"\" class=\"wp-image-274\" srcset=\"https:\/\/www.maevie.fr\/wp-content\/uploads\/2026\/02\/626452077_792197107232555_869339980254239423_n-1-1024x517.jpg 1024w, https:\/\/www.maevie.fr\/wp-content\/uploads\/2026\/02\/626452077_792197107232555_869339980254239423_n-1-300x152.jpg 300w, https:\/\/www.maevie.fr\/wp-content\/uploads\/2026\/02\/626452077_792197107232555_869339980254239423_n-1-768x388.jpg 768w, https:\/\/www.maevie.fr\/wp-content\/uploads\/2026\/02\/626452077_792197107232555_869339980254239423_n-1.jpg 1219w\" sizes=\"auto, (max-width: 1024px) 100vw, 1024px\" \/><\/figure>\n\n\n\n<figure class=\"wp-block-image size-large\"><img loading=\"lazy\" decoding=\"async\" width=\"1024\" height=\"820\" src=\"https:\/\/www.maevie.fr\/wp-content\/uploads\/2026\/02\/610591374_1213492260955751_4309598480318172688_n-1-1024x820.jpg\" alt=\"\" class=\"wp-image-279\" srcset=\"https:\/\/www.maevie.fr\/wp-content\/uploads\/2026\/02\/610591374_1213492260955751_4309598480318172688_n-1-1024x820.jpg 1024w, https:\/\/www.maevie.fr\/wp-content\/uploads\/2026\/02\/610591374_1213492260955751_4309598480318172688_n-1-300x240.jpg 300w, https:\/\/www.maevie.fr\/wp-content\/uploads\/2026\/02\/610591374_1213492260955751_4309598480318172688_n-1-768x615.jpg 768w, https:\/\/www.maevie.fr\/wp-content\/uploads\/2026\/02\/610591374_1213492260955751_4309598480318172688_n-1.jpg 1219w\" sizes=\"auto, (max-width: 1024px) 100vw, 1024px\" \/><\/figure>\n<\/div>\n\n\n\n<div class=\"wp-block-group is-vertical is-content-justification-stretch is-layout-flex wp-container-core-group-is-layout-353c4f5a wp-block-group-is-layout-flex\">\n<div class=\"wp-block-cover\" style=\"min-height:307px;aspect-ratio:unset;\"><img loading=\"lazy\" decoding=\"async\" width=\"965\" height=\"948\" class=\"wp-block-cover__image-background wp-image-255 size-full\" alt=\"\" src=\"https:\/\/www.maevie.fr\/wp-content\/uploads\/2026\/02\/Screenshot_2025-12-10-10-53-11-587_com.whatsapp-edit-1.jpg\" data-object-fit=\"cover\" srcset=\"https:\/\/www.maevie.fr\/wp-content\/uploads\/2026\/02\/Screenshot_2025-12-10-10-53-11-587_com.whatsapp-edit-1.jpg 965w, https:\/\/www.maevie.fr\/wp-content\/uploads\/2026\/02\/Screenshot_2025-12-10-10-53-11-587_com.whatsapp-edit-1-300x295.jpg 300w, https:\/\/www.maevie.fr\/wp-content\/uploads\/2026\/02\/Screenshot_2025-12-10-10-53-11-587_com.whatsapp-edit-1-768x754.jpg 768w\" sizes=\"auto, (max-width: 965px) 100vw, 965px\" \/><span aria-hidden=\"true\" class=\"wp-block-cover__background has-background-dim-0 has-background-dim\" style=\"background-color:#d6bc98\"><\/span><div class=\"wp-block-cover__inner-container has-global-padding is-layout-constrained wp-block-cover-is-layout-constrained\">\n<div style=\"height:var(--wp--preset--spacing--20)\" aria-hidden=\"true\" class=\"wp-block-spacer\"><\/div>\n<\/div><\/div>\n\n\n\n<figure class=\"wp-block-image size-full\"><img loading=\"lazy\" decoding=\"async\" width=\"476\" height=\"948\" src=\"https:\/\/www.maevie.fr\/wp-content\/uploads\/2026\/02\/Screenshot_2025-12-06-16-55-07-466_com.instagram.android-edit-2.jpg\" alt=\"\" class=\"wp-image-269\" srcset=\"https:\/\/www.maevie.fr\/wp-content\/uploads\/2026\/02\/Screenshot_2025-12-06-16-55-07-466_com.instagram.android-edit-2.jpg 476w, https:\/\/www.maevie.fr\/wp-content\/uploads\/2026\/02\/Screenshot_2025-12-06-16-55-07-466_com.instagram.android-edit-2-151x300.jpg 151w\" sizes=\"auto, (max-width: 476px) 100vw, 476px\" \/><\/figure>\n\n\n\n<figure class=\"wp-block-image size-large\"><img loading=\"lazy\" decoding=\"async\" width=\"781\" height=\"1024\" src=\"https:\/\/www.maevie.fr\/wp-content\/uploads\/2026\/02\/627757003_910936194963738_8810226702969258387_n-1-781x1024.jpg\" alt=\"\" class=\"wp-image-278\" srcset=\"https:\/\/www.maevie.fr\/wp-content\/uploads\/2026\/02\/627757003_910936194963738_8810226702969258387_n-1-781x1024.jpg 781w, https:\/\/www.maevie.fr\/wp-content\/uploads\/2026\/02\/627757003_910936194963738_8810226702969258387_n-1-229x300.jpg 229w, https:\/\/www.maevie.fr\/wp-content\/uploads\/2026\/02\/627757003_910936194963738_8810226702969258387_n-1-768x1007.jpg 768w, https:\/\/www.maevie.fr\/wp-content\/uploads\/2026\/02\/627757003_910936194963738_8810226702969258387_n-1.jpg 943w\" sizes=\"auto, (max-width: 781px) 100vw, 781px\" \/><\/figure>\n<\/div>\n<\/div>\n<\/div>\n\n\n\n<div class=\"wp-block-buttons is-horizontal is-content-justification-center is-layout-flex wp-container-core-buttons-is-layout-03627597 wp-block-buttons-is-layout-flex\">\n<div class=\"wp-block-button\"><a class=\"wp-block-button__link has-custom-color-4-background-color has-background has-x-large-font-size has-custom-font-size wp-element-button\" href=\"https:\/\/calendly.com\/maevie-contact\/rendez-vous?utm_source=ig&amp;utm_medium=social&amp;utm_content=link_in_bio&amp;fbclid=PAZXh0bgNhZW0CMTEAc3J0YwZhcHBfaWQMMjU2MjgxMDQwNTU4AAGns25ihcbdT6xAV4V5XEI-v39Pq9vlK2n4ypfDXe4QiUrAAo5jhCMQ78sC0gw_aem_OG8yXxeGj1O8xlktVNRxDg&amp;month=2026-02\">R\u00e9serve ton rendez-vous <\/a><\/div>\n<\/div>\n","protected":false},"excerpt":{"rendered":"<p>Not\u00e9e 5 \u00e9toiles sur Google Des avis vid\u00e9os Avis laiss\u00e9s sur d&rsquo;autres plateformes<\/p>\n","protected":false},"author":1,"featured_media":0,"parent":0,"menu_order":0,"comment_status":"closed","ping_status":"closed","template":"","meta":{"footnotes":""},"class_list":["post-229","page","type-page","status-publish","hentry"],"_links":{"self":[{"href":"https:\/\/www.maevie.fr\/index.php\/wp-json\/wp\/v2\/pages\/229","targetHints":{"allow":["GET"]}}],"collection":[{"href":"https:\/\/www.maevie.fr\/index.php\/wp-json\/wp\/v2\/pages"}],"about":[{"href":"https:\/\/www.maevie.fr\/index.php\/wp-json\/wp\/v2\/types\/page"}],"author":[{"embeddable":true,"href":"https:\/\/www.maevie.fr\/index.php\/wp-json\/wp\/v2\/users\/1"}],"replies":[{"embeddable":true,"href":"https:\/\/www.maevie.fr\/index.php\/wp-json\/wp\/v2\/comments?post=229"}],"version-history":[{"count":16,"href":"https:\/\/www.maevie.fr\/index.php\/wp-json\/wp\/v2\/pages\/229\/revisions"}],"predecessor-version":[{"id":302,"href":"https:\/\/www.maevie.fr\/index.php\/wp-json\/wp\/v2\/pages\/229\/revisions\/302"}],"wp:attachment":[{"href":"https:\/\/www.maevie.fr\/index.php\/wp-json\/wp\/v2\/media?parent=229"}],"curies":[{"name":"wp","href":"https:\/\/api.w.org\/{rel}","templated":true}]}}